{"id":9799,"date":"2022-08-23T08:47:09","date_gmt":"2022-08-23T08:47:09","guid":{"rendered":"https:\/\/avaron.ro\/avaron-crema\/"},"modified":"2022-09-30T02:25:11","modified_gmt":"2022-09-30T02:25:11","slug":"leaflet-cream","status":"publish","type":"page","link":"https:\/\/avaron.ro\/en\/leaflet-cream\/","title":{"rendered":"Leaflet Cream"},"content":{"rendered":"\t\t<div data-elementor-type=\"wp-page\" data-elementor-id=\"9799\" class=\"elementor elementor-9799\">\n\t\t\t\t\t\t<section class=\"elementor-section elementor-top-section elementor-element elementor-element-0202987 elementor-section-full_width elementor-section-stretched elementor-section-height-default elementor-section-height-default qodef-elementor-content-no\" data-id=\"0202987\" data-element_type=\"section\" data-settings=\"{&quot;stretch_section&quot;:&quot;section-stretched&quot;}\">\n\t\t\t\t\t\t<div class=\"elementor-container elementor-column-gap-no\">\n\t\t\t\t\t<div class=\"elementor-column elementor-col-100 elementor-top-column elementor-element elementor-element-6636662\" data-id=\"6636662\" data-element_type=\"column\">\n\t\t\t<div class=\"elementor-widget-wrap elementor-element-populated\">\n\t\t\t\t\t\t<div class=\"elementor-element elementor-element-a33e8e3 elementor-hidden-desktop elementor-hidden-mobile elementor-widget elementor-widget-image\" data-id=\"a33e8e3\" data-element_type=\"widget\" data-widget_type=\"image.default\">\n\t\t\t\t<div class=\"elementor-widget-container\">\n\t\t\t\t\t\t\t\t\t\t\t\t\t<img fetchpriority=\"high\" decoding=\"async\" width=\"8000\" height=\"3067\" src=\"https:\/\/avaron.ro\/wp-content\/uploads\/2022\/08\/5.-prospect-avaron-crema-05.png\" class=\"attachment-full size-full wp-image-9054\" alt=\"\" srcset=\"https:\/\/avaron.ro\/wp-content\/uploads\/2022\/08\/5.-prospect-avaron-crema-05.png 8000w, https:\/\/avaron.ro\/wp-content\/uploads\/2022\/08\/5.-prospect-avaron-crema-05-300x115.png 300w, https:\/\/avaron.ro\/wp-content\/uploads\/2022\/08\/5.-prospect-avaron-crema-05-1024x393.png 1024w, https:\/\/avaron.ro\/wp-content\/uploads\/2022\/08\/5.-prospect-avaron-crema-05-768x294.png 768w, https:\/\/avaron.ro\/wp-content\/uploads\/2022\/08\/5.-prospect-avaron-crema-05-1536x589.png 1536w, https:\/\/avaron.ro\/wp-content\/uploads\/2022\/08\/5.-prospect-avaron-crema-05-2048x785.png 2048w\" sizes=\"(max-width: 8000px) 100vw, 8000px\" \/>\t\t\t\t\t\t\t\t\t\t\t\t\t<\/div>\n\t\t\t\t<\/div>\n\t\t\t\t\t<\/div>\n\t\t<\/div>\n\t\t\t\t\t<\/div>\n\t\t<\/section>\n\t\t\t\t<section class=\"elementor-section elementor-top-section elementor-element elementor-element-70ef762 elementor-section-full_width elementor-section-stretched farapadding elementor-section-height-default elementor-section-height-default qodef-elementor-content-no\" data-id=\"70ef762\" data-element_type=\"section\" data-settings=\"{&quot;stretch_section&quot;:&quot;section-stretched&quot;}\">\n\t\t\t\t\t\t<div class=\"elementor-container elementor-column-gap-default\">\n\t\t\t\t\t<div class=\"elementor-column elementor-col-100 elementor-top-column elementor-element elementor-element-9226795\" data-id=\"9226795\" data-element_type=\"column\" data-settings=\"{&quot;background_background&quot;:&quot;classic&quot;}\">\n\t\t\t<div class=\"elementor-widget-wrap elementor-element-populated\">\n\t\t\t\t\t\t<div class=\"elementor-element elementor-element-072673a elementor-hidden-desktop elementor-hidden-tablet elementor-widget elementor-widget-image\" data-id=\"072673a\" data-element_type=\"widget\" data-widget_type=\"image.default\">\n\t\t\t\t<div class=\"elementor-widget-container\">\n\t\t\t\t\t\t\t\t\t\t\t\t\t<img decoding=\"async\" width=\"2250\" height=\"1540\" src=\"https:\/\/avaron.ro\/wp-content\/uploads\/2022\/08\/5.-prospect-MOBIL-07.png\" class=\"attachment-full size-full wp-image-9056\" alt=\"\" srcset=\"https:\/\/avaron.ro\/wp-content\/uploads\/2022\/08\/5.-prospect-MOBIL-07.png 2250w, https:\/\/avaron.ro\/wp-content\/uploads\/2022\/08\/5.-prospect-MOBIL-07-300x205.png 300w, https:\/\/avaron.ro\/wp-content\/uploads\/2022\/08\/5.-prospect-MOBIL-07-1024x701.png 1024w, https:\/\/avaron.ro\/wp-content\/uploads\/2022\/08\/5.-prospect-MOBIL-07-768x526.png 768w, https:\/\/avaron.ro\/wp-content\/uploads\/2022\/08\/5.-prospect-MOBIL-07-1536x1051.png 1536w, https:\/\/avaron.ro\/wp-content\/uploads\/2022\/08\/5.-prospect-MOBIL-07-2048x1402.png 2048w\" sizes=\"(max-width: 2250px) 100vw, 2250px\" \/>\t\t\t\t\t\t\t\t\t\t\t\t\t<\/div>\n\t\t\t\t<\/div>\n\t\t\t\t<div class=\"elementor-element elementor-element-ff97ac0 elementor-widget elementor-widget-text-editor\" data-id=\"ff97ac0\" data-element_type=\"widget\" data-widget_type=\"text-editor.default\">\n\t\t\t\t<div class=\"elementor-widget-container\">\n\t\t\t\t\t\t\t<h2 style=\"text-align: center;\"><strong><span style=\"color: #364d60;\">LEAFLET CREAM<\/span><\/strong><\/h2><p><strong>Qualitative and quantitative composition:<\/strong><br \/>30g cream contains: bismuth subgallate &#8211; 3g, zinc oxide &#8211; 3g, Hamamelis virginiana extract &#8211; 0.9g, horse chestnut (Aesculus hippocastanum) extract &#8211; 1.5g, calendula (Calendula officinalis) extract &#8211; 1.5g .<\/p><p><strong>How it is presented:<\/strong><br \/>Homogeneous cream, yellow to intense yellow, without agglomerated particles<\/p><p><strong>Therapeutic indications:<\/strong><br \/>Avaron cream is a medical device used in the short-term treatment of internal hemorrhoids, anal and perianal itching, anitis and perianitis, rectitis, cryptitis, papillitis, anal and perianal fissures. It forms a protective barrier with a decongestant, emollient and astringent effect on the damaged anal mucosa.<\/p><p><strong>Avaron cream is intended for adults who have symptoms of hemorrhoidal disease:<\/strong><\/p><ul><li><span style=\"color: #19475b;\">\u00a0Bleeding during bowel movements &#8211; small amounts of bright red blood can be observed on the toilet paper or in the toilet;<\/span><\/li><li><span style=\"color: #19475b;\">Itching or irritation in the anal region;<\/span><\/li><li><span style=\"color: #19475b;\">Pain or discomfort;<\/span><\/li><li><span style=\"color: #19475b;\">Swelling around the anus;<\/span><\/li><li><span style=\"color: #19475b;\">A muscle near the anus, which can be sensitive or painful (it can be a thrombosed hemorrhoid;<\/span><\/li><\/ul><p>All active components being incorporated in a base with emollient properties, present a homogeneous dispersion.<br \/>Avaron has a content of substances that give it beneficial properties in the treatment of internal hemorrhoids. The cream ensures the uniform dispersion of the contained substances and acts as a protective barrier with an astringent effect, favoring the re-epithelialization of damaged tissue, restores and maintains the regular function of the anal mucosa. Having a good tolerance on the skin, the cream represents one of the most effective solutions for the improvement, treatment and prevention of internal hemorrhoids and anal fissures, the reduction of eruptions or other unpleasant symptoms associated with hemorrhoids.<\/p><p><strong>Doses and method of administration:<\/strong><br \/>In case of acute symptoms \u2013 an application 2 times a day (morning and evening) after performing intimate hygiene and if possible after defecation.<br \/>In case of reduced symptoms \u2013 one application per day (in the evening) after performing intimate hygiene and if possible after defecation.<br \/><strong>Contraindications<\/strong><br \/>Hypersensitivity to any of the product components.<\/p><p><strong>Warnings and special precautions for use<\/strong><br \/>Considering the composition of the medicine, in general, no precautions are necessary. Due to insufficient data on the administration of the drug during pregnancy, caution is recommended in the case of use in pregnant women. Before administration, local hygiene is recommended.<\/p><p><strong>Pregnancy and breastfeeding<\/strong><br \/>Due to the absence of sufficient clinical data, Avaron cream is bottled in pregnant women only with the consent of the specialist doctor. No precautions are necessary in case of use during breastfeeding.<\/p><p><strong>Effects on the ability to drive vehicles and use machines<\/strong><br \/>None of the product components influence the ability to drive vehicles or use machines.<\/p><p><strong>Side effects<\/strong><br \/>Rarely, mild, transient local irritations may occur. Hypersensitivity reactions may occur. Contact your doctor if you suspect that you are having side effects related to the device or its use, or if you are concerned about the risks.<\/p><p><strong>Special precautions for storage<\/strong><br \/>To be kept at temperatures below 30\u00baC, in the original packaging.<\/p><p><strong>Nature and contents of the packaging:<\/strong><br \/>30g cream in an aluminum\/PVC tube inserted in a cardboard box with a leaflet.<\/p><p><strong>Manufacturer<\/strong>: SC Perfect Care Distribution SRL, Str. Complex no. 82, Mihailesti, Giurgiu<br \/><strong>Date<\/strong>: 23.09.2022<\/p>\t\t\t\t\t\t<\/div>\n\t\t\t\t<\/div>\n\t\t\t\t\t<\/div>\n\t\t<\/div>\n\t\t\t\t\t<\/div>\n\t\t<\/section>\n\t\t\t\t<section class=\"elementor-section elementor-top-section elementor-element elementor-element-37791b2 elementor-section-boxed elementor-section-height-default elementor-section-height-default qodef-elementor-content-no\" data-id=\"37791b2\" data-element_type=\"section\">\n\t\t\t\t\t\t<div class=\"elementor-container elementor-column-gap-default\">\n\t\t\t\t\t<div class=\"elementor-column elementor-col-50 elementor-top-column elementor-element elementor-element-7761449\" data-id=\"7761449\" data-element_type=\"column\">\n\t\t\t<div class=\"elementor-widget-wrap elementor-element-populated\">\n\t\t\t\t\t\t<div class=\"elementor-element elementor-element-b85aa97 elementor-widget elementor-widget-image\" data-id=\"b85aa97\" data-element_type=\"widget\" data-widget_type=\"image.default\">\n\t\t\t\t<div class=\"elementor-widget-container\">\n\t\t\t\t\t\t\t\t\t\t\t\t\t<img decoding=\"async\" width=\"1021\" height=\"1024\" src=\"https:\/\/avaron.ro\/wp-content\/uploads\/2022\/08\/5.-prospect-see-more-04-1021x1024.png\" class=\"attachment-large size-large wp-image-8327\" alt=\"\" srcset=\"https:\/\/avaron.ro\/wp-content\/uploads\/2022\/08\/5.-prospect-see-more-04-1021x1024.png 1021w, https:\/\/avaron.ro\/wp-content\/uploads\/2022\/08\/elementor\/thumbs\/5.-prospect-see-more-04-pte549vq0oabiwhmuao85hsqp2qjk3shygi5q93l4o.png 300w, https:\/\/avaron.ro\/wp-content\/uploads\/2022\/08\/5.-prospect-see-more-04-150x150.png 150w, https:\/\/avaron.ro\/wp-content\/uploads\/2022\/08\/5.-prospect-see-more-04-768x770.png 768w, https:\/\/avaron.ro\/wp-content\/uploads\/2022\/08\/5.-prospect-see-more-04-1532x1536.png 1532w, https:\/\/avaron.ro\/wp-content\/uploads\/2022\/08\/5.-prospect-see-more-04-2042x2048.png 2042w\" sizes=\"(max-width: 1021px) 100vw, 1021px\" \/>\t\t\t\t\t\t\t\t\t\t\t\t\t<\/div>\n\t\t\t\t<\/div>\n\t\t\t\t\t<\/div>\n\t\t<\/div>\n\t\t\t\t<div class=\"elementor-column elementor-col-50 elementor-top-column elementor-element elementor-element-cc073ac\" data-id=\"cc073ac\" data-element_type=\"column\">\n\t\t\t<div class=\"elementor-widget-wrap elementor-element-populated\">\n\t\t\t\t\t\t<div class=\"elementor-element elementor-element-90dfda1 elementor-widget elementor-widget-text-editor\" data-id=\"90dfda1\" data-element_type=\"widget\" data-widget_type=\"text-editor.default\">\n\t\t\t\t<div class=\"elementor-widget-container\">\n\t\t\t\t\t\t\t<h2 style=\"text-align: center;\"><span style=\"color: #19475b;\">AVARON SUPPOSITORIES<\/span><\/h2>\t\t\t\t\t\t<\/div>\n\t\t\t\t<\/div>\n\t\t\t\t<div class=\"elementor-element elementor-element-cb11925 elementor-align-center elementor-widget elementor-widget-button\" data-id=\"cb11925\" data-element_type=\"widget\" data-widget_type=\"button.default\">\n\t\t\t\t<div class=\"elementor-widget-container\">\n\t\t\t\t\t<div class=\"elementor-button-wrapper\">\n\t\t\t<a class=\"elementor-button elementor-button-link elementor-size-sm\" href=\"https:\/\/avaron.ro\/en\/leaflet-suppositories\/\">\n\t\t\t\t\t\t<span class=\"elementor-button-content-wrapper\">\n\t\t\t\t\t\t\t\t\t<span class=\"elementor-button-text\">FIND OUT MORE<\/span>\n\t\t\t\t\t<\/span>\n\t\t\t\t\t<\/a>\n\t\t<\/div>\n\t\t\t\t<\/div>\n\t\t\t\t<\/div>\n\t\t\t\t\t<\/div>\n\t\t<\/div>\n\t\t\t\t\t<\/div>\n\t\t<\/section>\n\t\t\t\t<section class=\"elementor-section elementor-top-section elementor-element elementor-element-256d2ce elementor-section-boxed elementor-section-height-default elementor-section-height-default qodef-elementor-content-no\" data-id=\"256d2ce\" data-element_type=\"section\">\n\t\t\t\t\t\t<div class=\"elementor-container elementor-column-gap-default\">\n\t\t\t\t\t<div class=\"elementor-column elementor-col-100 elementor-top-column elementor-element elementor-element-dc7ad6e\" data-id=\"dc7ad6e\" data-element_type=\"column\">\n\t\t\t<div class=\"elementor-widget-wrap elementor-element-populated\">\n\t\t\t\t\t\t<div class=\"elementor-element elementor-element-27589bb elementor-widget elementor-widget-html\" data-id=\"27589bb\" data-element_type=\"widget\" data-widget_type=\"html.default\">\n\t\t\t\t<div class=\"elementor-widget-container\">\n\t\t\t<style>\n    .qodef-header--standard #qodef-page-header{\n        background: url('https:\/\/avaron.ro\/wp-content\/uploads\/2022\/07\/BARA-01.png') no-repeat;\n        background-size: 100%; \n    }\n    .qodef-page-title .qodef-m-title{\n        display: none;\n    }\n    .qodef-page-title{\n        margin-top: 50px !important;\n    }\n    @media screen and (max-width: 1024px){\n        .elementor-7755 .elementor-element.elementor-element-9226795 > .elementor-element-populated {\n\n            padding: 0;\n        }\n        .elementor-9052 .elementor-element.elementor-element-9226795 > .elementor-element-populated{\n            padding: 0;\n        }\n        \n.qodef-page-title{ \n    display: none !important;\n}\n    }\n<\/style>\t\t<\/div>\n\t\t\t\t<\/div>\n\t\t\t\t\t<\/div>\n\t\t<\/div>\n\t\t\t\t\t<\/div>\n\t\t<\/section>\n\t\t\t\t<\/div>\n\t\t","protected":false},"excerpt":{"rendered":"<p>LEAFLET CREAM Qualitative and quantitative composition:30g cream contains: bismuth subgallate &#8211; 3g, zinc oxide &#8211; 3g, Hamamelis virginiana extract &#8211; 0.9g, horse chestnut (Aesculus hippocastanum) extract &#8211; 1.5g, calendula (Calendula officinalis) extract &#8211; 1.5g . How it is presented:Homogeneous cream, yellow to intense yellow, without agglomerated particles Therapeutic indications:Avaron cream is a medical device used [&hellip;]<\/p>\n","protected":false},"author":1,"featured_media":0,"parent":0,"menu_order":0,"comment_status":"closed","ping_status":"closed","template":"page-full-width.php","meta":{"footnotes":""},"class_list":["post-9799","page","type-page","status-publish","hentry"],"yoast_head":"<!-- This site is optimized with the Yoast SEO plugin v23.6 - https:\/\/yoast.com\/wordpress\/plugins\/seo\/ -->\n<title>Prospect Avaron Unguent | Trateaz\u0103 hemoroizii<\/title>\n<meta name=\"description\" content=\"Prospect Avaron Unguent. Indica\u021bii. Compozi\u021bie. Indicat pentru tratareahemoroizilor, pruritului anal \u015fi perianal, anita \u015fi perianita, rectit\u0103, criptit\u0103,papilit\u0103, fisuri anale \u015fi perianale.\" \/>\n<meta name=\"robots\" content=\"index, follow, max-snippet:-1, max-image-preview:large, max-video-preview:-1\" \/>\n<link rel=\"canonical\" href=\"https:\/\/avaron.ro\/en\/leaflet-cream\/\" \/>\n<meta property=\"og:locale\" content=\"en_US\" \/>\n<meta property=\"og:type\" content=\"article\" \/>\n<meta property=\"og:title\" content=\"Prospect Avaron Unguent | Trateaz\u0103 hemoroizii\" \/>\n<meta property=\"og:description\" content=\"Prospect Avaron Unguent. Indica\u021bii. Compozi\u021bie. Indicat pentru tratareahemoroizilor, pruritului anal \u015fi perianal, anita \u015fi perianita, rectit\u0103, criptit\u0103,papilit\u0103, fisuri anale \u015fi perianale.\" \/>\n<meta property=\"og:url\" content=\"https:\/\/avaron.ro\/en\/leaflet-cream\/\" \/>\n<meta property=\"og:site_name\" content=\"AVARON\" \/>\n<meta property=\"article:modified_time\" content=\"2022-09-30T02:25:11+00:00\" \/>\n<meta property=\"og:image\" content=\"https:\/\/avaron.ro\/wp-content\/uploads\/2022\/08\/5.-prospect-avaron-crema-05.png\" \/>\n<meta name=\"twitter:card\" content=\"summary_large_image\" \/>\n<meta name=\"twitter:label1\" content=\"Est. reading time\" \/>\n\t<meta name=\"twitter:data1\" content=\"4 minutes\" \/>\n<script type=\"application\/ld+json\" class=\"yoast-schema-graph\">{\"@context\":\"https:\/\/schema.org\",\"@graph\":[{\"@type\":\"WebPage\",\"@id\":\"https:\/\/avaron.ro\/en\/leaflet-cream\/\",\"url\":\"https:\/\/avaron.ro\/en\/leaflet-cream\/\",\"name\":\"Prospect Avaron Unguent | Trateaz\u0103 hemoroizii\",\"isPartOf\":{\"@id\":\"https:\/\/avaron.ro\/#website\"},\"primaryImageOfPage\":{\"@id\":\"https:\/\/avaron.ro\/en\/leaflet-cream\/#primaryimage\"},\"image\":{\"@id\":\"https:\/\/avaron.ro\/en\/leaflet-cream\/#primaryimage\"},\"thumbnailUrl\":\"https:\/\/avaron.ro\/wp-content\/uploads\/2022\/08\/5.-prospect-avaron-crema-05.png\",\"datePublished\":\"2022-08-23T08:47:09+00:00\",\"dateModified\":\"2022-09-30T02:25:11+00:00\",\"description\":\"Prospect Avaron Unguent. Indica\u021bii. Compozi\u021bie. Indicat pentru tratareahemoroizilor, pruritului anal \u015fi perianal, anita \u015fi perianita, rectit\u0103, criptit\u0103,papilit\u0103, fisuri anale \u015fi perianale.\",\"breadcrumb\":{\"@id\":\"https:\/\/avaron.ro\/en\/leaflet-cream\/#breadcrumb\"},\"inLanguage\":\"en-US\",\"potentialAction\":[{\"@type\":\"ReadAction\",\"target\":[\"https:\/\/avaron.ro\/en\/leaflet-cream\/\"]}]},{\"@type\":\"ImageObject\",\"inLanguage\":\"en-US\",\"@id\":\"https:\/\/avaron.ro\/en\/leaflet-cream\/#primaryimage\",\"url\":\"https:\/\/avaron.ro\/wp-content\/uploads\/2022\/08\/5.-prospect-avaron-crema-05.png\",\"contentUrl\":\"https:\/\/avaron.ro\/wp-content\/uploads\/2022\/08\/5.-prospect-avaron-crema-05.png\"},{\"@type\":\"BreadcrumbList\",\"@id\":\"https:\/\/avaron.ro\/en\/leaflet-cream\/#breadcrumb\",\"itemListElement\":[{\"@type\":\"ListItem\",\"position\":1,\"name\":\"Prima pagin\u0103\",\"item\":\"https:\/\/avaron.ro\/en\/\"},{\"@type\":\"ListItem\",\"position\":2,\"name\":\"Leaflet Cream\"}]},{\"@type\":\"WebSite\",\"@id\":\"https:\/\/avaron.ro\/#website\",\"url\":\"https:\/\/avaron.ro\/\",\"name\":\"AVARON\",\"description\":\"Trateaz\u0103 eficient Hemoroizii interni \u0219i externi\",\"potentialAction\":[{\"@type\":\"SearchAction\",\"target\":{\"@type\":\"EntryPoint\",\"urlTemplate\":\"https:\/\/avaron.ro\/?s={search_term_string}\"},\"query-input\":{\"@type\":\"PropertyValueSpecification\",\"valueRequired\":true,\"valueName\":\"search_term_string\"}}],\"inLanguage\":\"en-US\"}]}<\/script>\n<!-- \/ Yoast SEO plugin. -->","yoast_head_json":{"title":"Prospect Avaron Unguent | Trateaz\u0103 hemoroizii","description":"Prospect Avaron Unguent. Indica\u021bii. Compozi\u021bie. Indicat pentru tratareahemoroizilor, pruritului anal \u015fi perianal, anita \u015fi perianita, rectit\u0103, criptit\u0103,papilit\u0103, fisuri anale \u015fi perianale.","robots":{"index":"index","follow":"follow","max-snippet":"max-snippet:-1","max-image-preview":"max-image-preview:large","max-video-preview":"max-video-preview:-1"},"canonical":"https:\/\/avaron.ro\/en\/leaflet-cream\/","og_locale":"en_US","og_type":"article","og_title":"Prospect Avaron Unguent | Trateaz\u0103 hemoroizii","og_description":"Prospect Avaron Unguent. Indica\u021bii. Compozi\u021bie. Indicat pentru tratareahemoroizilor, pruritului anal \u015fi perianal, anita \u015fi perianita, rectit\u0103, criptit\u0103,papilit\u0103, fisuri anale \u015fi perianale.","og_url":"https:\/\/avaron.ro\/en\/leaflet-cream\/","og_site_name":"AVARON","article_modified_time":"2022-09-30T02:25:11+00:00","og_image":[{"url":"https:\/\/avaron.ro\/wp-content\/uploads\/2022\/08\/5.-prospect-avaron-crema-05.png"}],"twitter_card":"summary_large_image","twitter_misc":{"Est. reading time":"4 minutes"},"schema":{"@context":"https:\/\/schema.org","@graph":[{"@type":"WebPage","@id":"https:\/\/avaron.ro\/en\/leaflet-cream\/","url":"https:\/\/avaron.ro\/en\/leaflet-cream\/","name":"Prospect Avaron Unguent | Trateaz\u0103 hemoroizii","isPartOf":{"@id":"https:\/\/avaron.ro\/#website"},"primaryImageOfPage":{"@id":"https:\/\/avaron.ro\/en\/leaflet-cream\/#primaryimage"},"image":{"@id":"https:\/\/avaron.ro\/en\/leaflet-cream\/#primaryimage"},"thumbnailUrl":"https:\/\/avaron.ro\/wp-content\/uploads\/2022\/08\/5.-prospect-avaron-crema-05.png","datePublished":"2022-08-23T08:47:09+00:00","dateModified":"2022-09-30T02:25:11+00:00","description":"Prospect Avaron Unguent. Indica\u021bii. Compozi\u021bie. Indicat pentru tratareahemoroizilor, pruritului anal \u015fi perianal, anita \u015fi perianita, rectit\u0103, criptit\u0103,papilit\u0103, fisuri anale \u015fi perianale.","breadcrumb":{"@id":"https:\/\/avaron.ro\/en\/leaflet-cream\/#breadcrumb"},"inLanguage":"en-US","potentialAction":[{"@type":"ReadAction","target":["https:\/\/avaron.ro\/en\/leaflet-cream\/"]}]},{"@type":"ImageObject","inLanguage":"en-US","@id":"https:\/\/avaron.ro\/en\/leaflet-cream\/#primaryimage","url":"https:\/\/avaron.ro\/wp-content\/uploads\/2022\/08\/5.-prospect-avaron-crema-05.png","contentUrl":"https:\/\/avaron.ro\/wp-content\/uploads\/2022\/08\/5.-prospect-avaron-crema-05.png"},{"@type":"BreadcrumbList","@id":"https:\/\/avaron.ro\/en\/leaflet-cream\/#breadcrumb","itemListElement":[{"@type":"ListItem","position":1,"name":"Prima pagin\u0103","item":"https:\/\/avaron.ro\/en\/"},{"@type":"ListItem","position":2,"name":"Leaflet Cream"}]},{"@type":"WebSite","@id":"https:\/\/avaron.ro\/#website","url":"https:\/\/avaron.ro\/","name":"AVARON","description":"Trateaz\u0103 eficient Hemoroizii interni \u0219i externi","potentialAction":[{"@type":"SearchAction","target":{"@type":"EntryPoint","urlTemplate":"https:\/\/avaron.ro\/?s={search_term_string}"},"query-input":{"@type":"PropertyValueSpecification","valueRequired":true,"valueName":"search_term_string"}}],"inLanguage":"en-US"}]}},"_links":{"self":[{"href":"https:\/\/avaron.ro\/en\/wp-json\/wp\/v2\/pages\/9799","targetHints":{"allow":["GET"]}}],"collection":[{"href":"https:\/\/avaron.ro\/en\/wp-json\/wp\/v2\/pages"}],"about":[{"href":"https:\/\/avaron.ro\/en\/wp-json\/wp\/v2\/types\/page"}],"author":[{"embeddable":true,"href":"https:\/\/avaron.ro\/en\/wp-json\/wp\/v2\/users\/1"}],"replies":[{"embeddable":true,"href":"https:\/\/avaron.ro\/en\/wp-json\/wp\/v2\/comments?post=9799"}],"version-history":[{"count":7,"href":"https:\/\/avaron.ro\/en\/wp-json\/wp\/v2\/pages\/9799\/revisions"}],"predecessor-version":[{"id":9947,"href":"https:\/\/avaron.ro\/en\/wp-json\/wp\/v2\/pages\/9799\/revisions\/9947"}],"wp:attachment":[{"href":"https:\/\/avaron.ro\/en\/wp-json\/wp\/v2\/media?parent=9799"}],"curies":[{"name":"wp","href":"https:\/\/api.w.org\/{rel}","templated":true}]}}